{"id":1255,"date":"2021-06-09T15:27:18","date_gmt":"2021-06-09T13:27:18","guid":{"rendered":"https:\/\/www.borgoanticohotelcomo.it\/partners\/"},"modified":"2026-04-28T11:55:41","modified_gmt":"2026-04-28T09:55:41","slug":"partners","status":"publish","type":"page","link":"https:\/\/www.borgoanticohotelcomo.it\/fr\/partners\/","title":{"rendered":"Partners"},"content":{"rendered":"<p>[et_pb_section fb_built=\u00a0\u00bb1&Prime; admin_label=\u00a0\u00bbSezione Banner-Title\u00a0\u00bb module_id=\u00a0\u00bbbanner-title\u00a0\u00bb _builder_version=\u00a0\u00bb4.16&Prime; _module_preset=\u00a0\u00bbdefault\u00a0\u00bb background_image=\u00a0\u00bbhttps:\/\/www.borgoanticohotelcomo.it\/wp-content\/uploads\/2021\/05\/DSC_1897-scaled.jpg\u00a0\u00bb parallax=\u00a0\u00bbon\u00a0\u00bb custom_padding=\u00a0\u00bb||||false|false\u00a0\u00bb global_colors_info=\u00a0\u00bb{}\u00a0\u00bb][et_pb_row _builder_version=\u00a0\u00bb4.16&Prime; _module_preset=\u00a0\u00bbdefault\u00a0\u00bb custom_margin=\u00a0\u00bb||||false|false\u00a0\u00bb custom_padding=\u00a0\u00bb200px||||false|false\u00a0\u00bb global_colors_info=\u00a0\u00bb{}\u00a0\u00bb][et_pb_column type=\u00a0\u00bb4_4&Prime; _builder_version=\u00a0\u00bb4.16&Prime; _module_preset=\u00a0\u00bbdefault\u00a0\u00bb global_colors_info=\u00a0\u00bb{}\u00a0\u00bb][et_pb_post_title meta=\u00a0\u00bboff\u00a0\u00bb featured_image=\u00a0\u00bboff\u00a0\u00bb _builder_version=\u00a0\u00bb4.16&Prime; _module_preset=\u00a0\u00bbdefault\u00a0\u00bb title_text_align=\u00a0\u00bbcenter\u00a0\u00bb title_text_color=\u00a0\u00bb#FFFFFF\u00a0\u00bb title_text_shadow_style=\u00a0\u00bbpreset1&Prime; global_colors_info=\u00a0\u00bb{}\u00a0\u00bb][\/et_pb_post_title][\/et_pb_column][\/et_pb_row][\/et_pb_section][et_pb_section fb_built=\u00a0\u00bb1&Prime; admin_label=\u00a0\u00bbSezione TESTO\u00a0\u00bb _builder_version=\u00a0\u00bb4.16&Prime; _module_preset=\u00a0\u00bbdefault\u00a0\u00bb global_colors_info=\u00a0\u00bb{}\u00a0\u00bb][et_pb_row _builder_version=\u00a0\u00bb4.16&Prime; _module_preset=\u00a0\u00bbdefault\u00a0\u00bb global_colors_info=\u00a0\u00bb{}\u00a0\u00bb][et_pb_column type=\u00a0\u00bb4_4&Prime; _builder_version=\u00a0\u00bb4.16&Prime; _module_preset=\u00a0\u00bbdefault\u00a0\u00bb global_colors_info=\u00a0\u00bb{}\u00a0\u00bb][et_pb_text _builder_version=\u00a0\u00bb4.27.5&Prime; _module_preset=\u00a0\u00bbdefault\u00a0\u00bb hover_enabled=\u00a0\u00bb0&Prime; global_colors_info=\u00a0\u00bb{}\u00a0\u00bb sticky_enabled=\u00a0\u00bb0&Prime;]<\/p>\n<h2>Les r\u00eaves, \u00e0 C\u00f4mo, ne terminent pas \u00e0 l\u2019aube<\/h2>\n<p>&nbsp;<\/p>\n<p>Une ville \u00e0 vivre toute l&rsquo;ann\u00e9e , mois apr\u00e8s mois, savourant les parfums, les lieux et le caract\u00e8re. Que vous d\u00e9cidiez d&rsquo;\u00eatre enchant\u00e9 par les demeures historiques romantiques ou marcher dans les collines de Brunate, on vous offrira un d\u00e9licieux d\u00eener sur le bateau ou sur l\u2019avion, soyez assur\u00e9s que votre exp\u00e9rience \u00e0 C\u00f4ma sera unique, m\u00e9morable et intense. Notre objectif c\u2019est de vous accueillir chez nous et vous offrir un certain nombre de conseils sur la fa\u00e7on de mieux profiter de votre #ComoExperience.<\/p>\n<p>Pour nos clients, il y a des surprises dans des places accord\u00e9es.<\/p>\n<p>&nbsp;<\/p>\n<h3>Figli dei Fiori Bistrot<\/h3>\n<p>Juste \u00e0 c\u00f4t\u00e9, le Bistrot propose aux clients du Borgo Antico de d\u00e9jeuner ou de d\u00eener \u00e0 un tarif pr\u00e9f\u00e9rentiel. R\u00e9servation obligatoire \u00e0 la r\u00e9ception.<\/p>\n<p>&nbsp;<\/p>\n<h3>Visite de la ville avec le Guide<\/h3>\n<p>Voulez-vous explorer la ville en suivant les conseils d&rsquo;une guide de visite exceptionnelle? Possibilit\u00e9 de visites th\u00e9matiques de r\u00e9gion de C\u00f4mo.<\/p>\n<p>&nbsp;<\/p>\n<h3>A\u00e9ro-Club<\/h3>\n<p>Lac de C\u00f4mo comme vous ne l\u2019avez jamais vu! Volez-vous sur hydravions A\u00e9roclub , accompagn\u00e9s par les meilleurs cavaliers et, \u00e0 la fin de la course, vous recevrez un gadget.<\/p>\n<p>&nbsp;<\/p>\n<h3>Service de navette<\/h3>\n<p>Pour nos clients, sont actives des promotions de transfert de service exclusif \u00e0 Milan ( centre, centre d&rsquo;exposition et a\u00e9roports ), Fox Town de Mendrisio , Casino de Campione d&rsquo; Italie et d&rsquo;autres destinations sur demande.<\/p>\n<p>&nbsp;<\/p>\n<h3>Sur le lac avec Dreaming Como Lake<\/h3>\n<p>\u00c0 la r\u00e9ception, vous pouvez vous renseigner et r\u00e9server des excursions personnalis\u00e9es sur le lac de C\u00f4me en partenariat avec Dreaming Como Lake.<\/p>\n<p>[\/et_pb_text][\/et_pb_column][\/et_pb_row][\/et_pb_section]<\/p>\n","protected":false},"excerpt":{"rendered":"<p>Les r\u00eaves, \u00e0 C\u00f4mo, ne terminent pas \u00e0 l\u2019aube &nbsp; Une ville \u00e0 vivre toute l&rsquo;ann\u00e9e , mois apr\u00e8s mois, savourant les parfums, les lieux et le caract\u00e8re. Que vous d\u00e9cidiez d&rsquo;\u00eatre enchant\u00e9 par les demeures historiques romantiques ou marcher dans les collines de Brunate, on vous offrira un d\u00e9licieux d\u00eener sur le bateau ou [&hellip;]<\/p>\n","protected":false},"author":1,"featured_media":1073,"parent":0,"menu_order":0,"comment_status":"closed","ping_status":"closed","template":"","meta":{"_et_pb_use_builder":"on","_et_pb_old_content":"","_et_gb_content_width":"","footnotes":""},"class_list":["post-1255","page","type-page","status-publish","has-post-thumbnail","hentry"],"yoast_head":"<!-- This site is optimized with the Yoast SEO plugin v26.5 - https:\/\/yoast.com\/wordpress\/plugins\/seo\/ -->\n<title>Partners - H\u00f4tel Borgo Antico C\u00f4mo<\/title>\n<meta name=\"description\" content=\"Notre objectif c\u2019est de vous accueillir chez nous et vous offrir un certain nombre de conseils sur la fa\u00e7on de mieux profiter de votre #ComoExperience.\" \/>\n<meta name=\"robots\" content=\"index, follow, max-snippet:-1, max-image-preview:large, max-video-preview:-1\" \/>\n<link rel=\"canonical\" href=\"https:\/\/www.borgoanticohotelcomo.it\/fr\/partners\/\" \/>\n<meta property=\"og:locale\" content=\"fr_FR\" \/>\n<meta property=\"og:type\" content=\"article\" \/>\n<meta property=\"og:title\" content=\"Partners - H\u00f4tel Borgo Antico C\u00f4mo\" \/>\n<meta property=\"og:description\" content=\"Notre objectif c\u2019est de vous accueillir chez nous et vous offrir un certain nombre de conseils sur la fa\u00e7on de mieux profiter de votre #ComoExperience.\" \/>\n<meta property=\"og:url\" content=\"https:\/\/www.borgoanticohotelcomo.it\/fr\/partners\/\" \/>\n<meta property=\"og:site_name\" content=\"Hotel Borgo Antico Como\" \/>\n<meta property=\"article:modified_time\" content=\"2026-04-28T09:55:41+00:00\" \/>\n<meta property=\"og:image\" content=\"https:\/\/www.borgoanticohotelcomo.it\/wp-content\/uploads\/2021\/05\/DSC_1897-scaled.jpg\" \/>\n\t<meta property=\"og:image:width\" content=\"2560\" \/>\n\t<meta property=\"og:image:height\" content=\"1709\" \/>\n\t<meta property=\"og:image:type\" content=\"image\/jpeg\" \/>\n<meta name=\"twitter:card\" content=\"summary_large_image\" \/>\n<meta name=\"twitter:label1\" content=\"Dur\u00e9e de lecture estim\u00e9e\" \/>\n\t<meta name=\"twitter:data1\" content=\"2 minutes\" \/>\n<script type=\"application\/ld+json\" class=\"yoast-schema-graph\">{\"@context\":\"https:\/\/schema.org\",\"@graph\":[{\"@type\":\"WebPage\",\"@id\":\"https:\/\/www.borgoanticohotelcomo.it\/fr\/partners\/\",\"url\":\"https:\/\/www.borgoanticohotelcomo.it\/fr\/partners\/\",\"name\":\"Partners - H\u00f4tel Borgo Antico C\u00f4mo\",\"isPartOf\":{\"@id\":\"https:\/\/www.borgoanticohotelcomo.it\/fr\/#website\"},\"primaryImageOfPage\":{\"@id\":\"https:\/\/www.borgoanticohotelcomo.it\/fr\/partners\/#primaryimage\"},\"image\":{\"@id\":\"https:\/\/www.borgoanticohotelcomo.it\/fr\/partners\/#primaryimage\"},\"thumbnailUrl\":\"https:\/\/www.borgoanticohotelcomo.it\/wp-content\/uploads\/2021\/05\/DSC_1897-scaled.jpg\",\"datePublished\":\"2021-06-09T13:27:18+00:00\",\"dateModified\":\"2026-04-28T09:55:41+00:00\",\"description\":\"Notre objectif c\u2019est de vous accueillir chez nous et vous offrir un certain nombre de conseils sur la fa\u00e7on de mieux profiter de votre #ComoExperience.\",\"breadcrumb\":{\"@id\":\"https:\/\/www.borgoanticohotelcomo.it\/fr\/partners\/#breadcrumb\"},\"inLanguage\":\"fr-FR\",\"potentialAction\":[{\"@type\":\"ReadAction\",\"target\":[\"https:\/\/www.borgoanticohotelcomo.it\/fr\/partners\/\"]}]},{\"@type\":\"ImageObject\",\"inLanguage\":\"fr-FR\",\"@id\":\"https:\/\/www.borgoanticohotelcomo.it\/fr\/partners\/#primaryimage\",\"url\":\"https:\/\/www.borgoanticohotelcomo.it\/wp-content\/uploads\/2021\/05\/DSC_1897-scaled.jpg\",\"contentUrl\":\"https:\/\/www.borgoanticohotelcomo.it\/wp-content\/uploads\/2021\/05\/DSC_1897-scaled.jpg\",\"width\":2560,\"height\":1709},{\"@type\":\"BreadcrumbList\",\"@id\":\"https:\/\/www.borgoanticohotelcomo.it\/fr\/partners\/#breadcrumb\",\"itemListElement\":[{\"@type\":\"ListItem\",\"position\":1,\"name\":\"Home\",\"item\":\"https:\/\/www.borgoanticohotelcomo.it\/fr\/\"},{\"@type\":\"ListItem\",\"position\":2,\"name\":\"Partners\"}]},{\"@type\":\"WebSite\",\"@id\":\"https:\/\/www.borgoanticohotelcomo.it\/fr\/#website\",\"url\":\"https:\/\/www.borgoanticohotelcomo.it\/fr\/\",\"name\":\"Hotel Borgo Antico Como\",\"description\":\"Hotel Como\",\"publisher\":{\"@id\":\"https:\/\/www.borgoanticohotelcomo.it\/fr\/#organization\"},\"potentialAction\":[{\"@type\":\"SearchAction\",\"target\":{\"@type\":\"EntryPoint\",\"urlTemplate\":\"https:\/\/www.borgoanticohotelcomo.it\/fr\/?s={search_term_string}\"},\"query-input\":{\"@type\":\"PropertyValueSpecification\",\"valueRequired\":true,\"valueName\":\"search_term_string\"}}],\"inLanguage\":\"fr-FR\"},{\"@type\":\"Organization\",\"@id\":\"https:\/\/www.borgoanticohotelcomo.it\/fr\/#organization\",\"name\":\"Hotel Borgo Antico Como\",\"url\":\"https:\/\/www.borgoanticohotelcomo.it\/fr\/\",\"logo\":{\"@type\":\"ImageObject\",\"inLanguage\":\"fr-FR\",\"@id\":\"https:\/\/www.borgoanticohotelcomo.it\/fr\/#\/schema\/logo\/image\/\",\"url\":\"https:\/\/www.borgoanticohotelcomo.it\/wp-content\/uploads\/2021\/05\/cropped-logo_512x512.png\",\"contentUrl\":\"https:\/\/www.borgoanticohotelcomo.it\/wp-content\/uploads\/2021\/05\/cropped-logo_512x512.png\",\"width\":512,\"height\":512,\"caption\":\"Hotel Borgo Antico Como\"},\"image\":{\"@id\":\"https:\/\/www.borgoanticohotelcomo.it\/fr\/#\/schema\/logo\/image\/\"}}]}<\/script>\n<!-- \/ Yoast SEO plugin. -->","yoast_head_json":{"title":"Partners - H\u00f4tel Borgo Antico C\u00f4mo","description":"Notre objectif c\u2019est de vous accueillir chez nous et vous offrir un certain nombre de conseils sur la fa\u00e7on de mieux profiter de votre #ComoExperience.","robots":{"index":"index","follow":"follow","max-snippet":"max-snippet:-1","max-image-preview":"max-image-preview:large","max-video-preview":"max-video-preview:-1"},"canonical":"https:\/\/www.borgoanticohotelcomo.it\/fr\/partners\/","og_locale":"fr_FR","og_type":"article","og_title":"Partners - H\u00f4tel Borgo Antico C\u00f4mo","og_description":"Notre objectif c\u2019est de vous accueillir chez nous et vous offrir un certain nombre de conseils sur la fa\u00e7on de mieux profiter de votre #ComoExperience.","og_url":"https:\/\/www.borgoanticohotelcomo.it\/fr\/partners\/","og_site_name":"Hotel Borgo Antico Como","article_modified_time":"2026-04-28T09:55:41+00:00","og_image":[{"width":2560,"height":1709,"url":"https:\/\/www.borgoanticohotelcomo.it\/wp-content\/uploads\/2021\/05\/DSC_1897-scaled.jpg","type":"image\/jpeg"}],"twitter_card":"summary_large_image","twitter_misc":{"Dur\u00e9e de lecture estim\u00e9e":"2 minutes"},"schema":{"@context":"https:\/\/schema.org","@graph":[{"@type":"WebPage","@id":"https:\/\/www.borgoanticohotelcomo.it\/fr\/partners\/","url":"https:\/\/www.borgoanticohotelcomo.it\/fr\/partners\/","name":"Partners - H\u00f4tel Borgo Antico C\u00f4mo","isPartOf":{"@id":"https:\/\/www.borgoanticohotelcomo.it\/fr\/#website"},"primaryImageOfPage":{"@id":"https:\/\/www.borgoanticohotelcomo.it\/fr\/partners\/#primaryimage"},"image":{"@id":"https:\/\/www.borgoanticohotelcomo.it\/fr\/partners\/#primaryimage"},"thumbnailUrl":"https:\/\/www.borgoanticohotelcomo.it\/wp-content\/uploads\/2021\/05\/DSC_1897-scaled.jpg","datePublished":"2021-06-09T13:27:18+00:00","dateModified":"2026-04-28T09:55:41+00:00","description":"Notre objectif c\u2019est de vous accueillir chez nous et vous offrir un certain nombre de conseils sur la fa\u00e7on de mieux profiter de votre #ComoExperience.","breadcrumb":{"@id":"https:\/\/www.borgoanticohotelcomo.it\/fr\/partners\/#breadcrumb"},"inLanguage":"fr-FR","potentialAction":[{"@type":"ReadAction","target":["https:\/\/www.borgoanticohotelcomo.it\/fr\/partners\/"]}]},{"@type":"ImageObject","inLanguage":"fr-FR","@id":"https:\/\/www.borgoanticohotelcomo.it\/fr\/partners\/#primaryimage","url":"https:\/\/www.borgoanticohotelcomo.it\/wp-content\/uploads\/2021\/05\/DSC_1897-scaled.jpg","contentUrl":"https:\/\/www.borgoanticohotelcomo.it\/wp-content\/uploads\/2021\/05\/DSC_1897-scaled.jpg","width":2560,"height":1709},{"@type":"BreadcrumbList","@id":"https:\/\/www.borgoanticohotelcomo.it\/fr\/partners\/#breadcrumb","itemListElement":[{"@type":"ListItem","position":1,"name":"Home","item":"https:\/\/www.borgoanticohotelcomo.it\/fr\/"},{"@type":"ListItem","position":2,"name":"Partners"}]},{"@type":"WebSite","@id":"https:\/\/www.borgoanticohotelcomo.it\/fr\/#website","url":"https:\/\/www.borgoanticohotelcomo.it\/fr\/","name":"Hotel Borgo Antico Como","description":"Hotel Como","publisher":{"@id":"https:\/\/www.borgoanticohotelcomo.it\/fr\/#organization"},"potentialAction":[{"@type":"SearchAction","target":{"@type":"EntryPoint","urlTemplate":"https:\/\/www.borgoanticohotelcomo.it\/fr\/?s={search_term_string}"},"query-input":{"@type":"PropertyValueSpecification","valueRequired":true,"valueName":"search_term_string"}}],"inLanguage":"fr-FR"},{"@type":"Organization","@id":"https:\/\/www.borgoanticohotelcomo.it\/fr\/#organization","name":"Hotel Borgo Antico Como","url":"https:\/\/www.borgoanticohotelcomo.it\/fr\/","logo":{"@type":"ImageObject","inLanguage":"fr-FR","@id":"https:\/\/www.borgoanticohotelcomo.it\/fr\/#\/schema\/logo\/image\/","url":"https:\/\/www.borgoanticohotelcomo.it\/wp-content\/uploads\/2021\/05\/cropped-logo_512x512.png","contentUrl":"https:\/\/www.borgoanticohotelcomo.it\/wp-content\/uploads\/2021\/05\/cropped-logo_512x512.png","width":512,"height":512,"caption":"Hotel Borgo Antico Como"},"image":{"@id":"https:\/\/www.borgoanticohotelcomo.it\/fr\/#\/schema\/logo\/image\/"}}]}},"_links":{"self":[{"href":"https:\/\/www.borgoanticohotelcomo.it\/fr\/wp-json\/wp\/v2\/pages\/1255","targetHints":{"allow":["GET"]}}],"collection":[{"href":"https:\/\/www.borgoanticohotelcomo.it\/fr\/wp-json\/wp\/v2\/pages"}],"about":[{"href":"https:\/\/www.borgoanticohotelcomo.it\/fr\/wp-json\/wp\/v2\/types\/page"}],"author":[{"embeddable":true,"href":"https:\/\/www.borgoanticohotelcomo.it\/fr\/wp-json\/wp\/v2\/users\/1"}],"replies":[{"embeddable":true,"href":"https:\/\/www.borgoanticohotelcomo.it\/fr\/wp-json\/wp\/v2\/comments?post=1255"}],"version-history":[{"count":2,"href":"https:\/\/www.borgoanticohotelcomo.it\/fr\/wp-json\/wp\/v2\/pages\/1255\/revisions"}],"predecessor-version":[{"id":2847,"href":"https:\/\/www.borgoanticohotelcomo.it\/fr\/wp-json\/wp\/v2\/pages\/1255\/revisions\/2847"}],"wp:featuredmedia":[{"embeddable":true,"href":"https:\/\/www.borgoanticohotelcomo.it\/fr\/wp-json\/wp\/v2\/media\/1073"}],"wp:attachment":[{"href":"https:\/\/www.borgoanticohotelcomo.it\/fr\/wp-json\/wp\/v2\/media?parent=1255"}],"curies":[{"name":"wp","href":"https:\/\/api.w.org\/{rel}","templated":true}]}}