{"id":1325,"date":"2021-06-10T16:05:41","date_gmt":"2021-06-10T14:05:41","guid":{"rendered":"https:\/\/www.borgoanticohotelcomo.it\/ofertas\/"},"modified":"2025-07-24T10:25:45","modified_gmt":"2025-07-24T08:25:45","slug":"ofertas","status":"publish","type":"page","link":"https:\/\/www.borgoanticohotelcomo.it\/es\/ofertas\/","title":{"rendered":"Ofertas"},"content":{"rendered":"<p>[et_pb_section fb_built=\u00bb1&#8243; admin_label=\u00bbSezione Banner-Title\u00bb module_id=\u00bbbanner-title\u00bb _builder_version=\u00bb4.27.4&#8243; _module_preset=\u00bbdefault\u00bb background_image=\u00bbhttps:\/\/www.borgoanticohotelcomo.it\/wp-content\/uploads\/2021\/05\/DSC_1850-scaled.jpg\u00bb background_position=\u00bbtop_center\u00bb background_vertical_offset=\u00bb71%\u00bb custom_padding=\u00bb||||false|false\u00bb global_colors_info=\u00bb{}\u00bb][et_pb_row _builder_version=\u00bb4.16&#8243; _module_preset=\u00bbdefault\u00bb custom_margin=\u00bb||||false|false\u00bb custom_padding=\u00bb200px||||false|false\u00bb global_colors_info=\u00bb{}\u00bb][et_pb_column type=\u00bb4_4&#8243; _builder_version=\u00bb4.16&#8243; _module_preset=\u00bbdefault\u00bb global_colors_info=\u00bb{}\u00bb][et_pb_post_title meta=\u00bboff\u00bb featured_image=\u00bboff\u00bb _builder_version=\u00bb4.16&#8243; _module_preset=\u00bbdefault\u00bb title_text_align=\u00bbcenter\u00bb title_text_color=\u00bb#FFFFFF\u00bb title_text_shadow_style=\u00bbpreset1&#8243; global_colors_info=\u00bb{}\u00bb][\/et_pb_post_title][\/et_pb_column][\/et_pb_row][\/et_pb_section][et_pb_section fb_built=\u00bb1&#8243; admin_label=\u00bbSezione TESTO\u00bb _builder_version=\u00bb4.16&#8243; _module_preset=\u00bbdefault\u00bb global_colors_info=\u00bb{}\u00bb][et_pb_row _builder_version=\u00bb4.16&#8243; _module_preset=\u00bbdefault\u00bb global_colors_info=\u00bb{}\u00bb][et_pb_column type=\u00bb4_4&#8243; _builder_version=\u00bb4.16&#8243; _module_preset=\u00bbdefault\u00bb global_colors_info=\u00bb{}\u00bb][et_pb_text _builder_version=\u00bb4.27.4&#8243; _module_preset=\u00bbdefault\u00bb hover_enabled=\u00bb0&#8243; global_colors_info=\u00bb{}\u00bb sticky_enabled=\u00bb0&#8243;]<\/p>\n<h2>\u00a1Bienvenido a nuestra secci\u00f3n de Ofertas Especiales!<\/h2>\n<p>&nbsp;<\/p>\n<p>Aqu\u00ed encontrar\u00e1s todas nuestras \u00faltimas ofertas y promociones, dise\u00f1adas para ofrecerte el m\u00e1ximo ahorro sin sacrificar la calidad. Visita esta p\u00e1gina con frecuencia para estar al tanto de nuevas ofertas, descuentos exclusivos y ofertas imperdibles.<\/p>\n<p><strong>Recuerda: \u00a1reservar directamente con nosotros siempre es mejor!<\/strong><br \/><strong>Solo en nuestra web encontrar\u00e1s las mejores tarifas garantizadas y beneficios exclusivos para nuestros clientes<\/strong>.<\/p>\n<p>&nbsp;<\/p>\n<p style=\"text-align: center; font-size: 1.2em;\"><strong>\u00a1No te pierdas esta oportunidad!<\/strong><\/p>\n<div style=\"text-align: center;\" class=\"et_pb_button_module_wrapper et_pb_button_0_tb_footer_wrapper  et_pb_module \"><a class=\"et_pb_button et_pb_button_0_tb_footer cta-bt et_pb_bg_layout_light\" href=\"\/es\/ofertas\/\" rel=\"noopener\">\u00a1Reserva ya!<\/a><\/div>\n<p style=\"text-align: center;\">&#8230;.\u00a1y ahorra con nosotros! \u00a1Nos vemos pronto!<\/p>\n<p>[\/et_pb_text][et_pb_blog fullwidth=\u00bboff\u00bb posts_number=\u00bb12&#8243; include_categories=\u00bb24&#8243; excerpt_length=\u00bb150&#8243; show_author=\u00bboff\u00bb show_categories=\u00bboff\u00bb disabled_on=\u00bbon|on|on\u00bb _builder_version=\u00bb4.16&#8243; _module_preset=\u00bbdefault\u00bb header_font=\u00bbLato||||||||\u00bb header_font_size=\u00bb22px\u00bb body_font=\u00bbLato||||||||\u00bb body_font_size=\u00bb18px\u00bb meta_font=\u00bbLato||||||||\u00bb meta_font_size=\u00bb16px\u00bb border_width_all_image=\u00bb6px\u00bb border_color_all_image=\u00bb#FFFFFF\u00bb box_shadow_style_image=\u00bbpreset1&#8243; box_shadow_blur_image=\u00bb12px\u00bb disabled=\u00bbon\u00bb global_colors_info=\u00bb{}\u00bb][\/et_pb_blog][\/et_pb_column][\/et_pb_row][\/et_pb_section]<\/p>\n","protected":false},"excerpt":{"rendered":"<p>\u00a1Bienvenido a nuestra secci\u00f3n de Ofertas Especiales! &nbsp; Aqu\u00ed encontrar\u00e1s todas nuestras \u00faltimas ofertas y promociones, dise\u00f1adas para ofrecerte el m\u00e1ximo ahorro sin sacrificar la calidad. Visita esta p\u00e1gina con frecuencia para estar al tanto de nuevas ofertas, descuentos exclusivos y ofertas imperdibles. Recuerda: \u00a1reservar directamente con nosotros siempre es mejor!Solo en nuestra web encontrar\u00e1s [&hellip;]<\/p>\n","protected":false},"author":1,"featured_media":1066,"parent":0,"menu_order":0,"comment_status":"closed","ping_status":"closed","template":"","meta":{"_et_pb_use_builder":"on","_et_pb_old_content":"","_et_gb_content_width":"","footnotes":""},"class_list":["post-1325","page","type-page","status-publish","has-post-thumbnail","hentry"],"yoast_head":"<!-- This site is optimized with the Yoast SEO plugin v26.5 - https:\/\/yoast.com\/wordpress\/plugins\/seo\/ -->\n<title>Ofertas - Hotel Borgo Antico Como<\/title>\n<meta name=\"description\" content=\"Ofertas especiales del Hotel Borgo Antico Como.\" \/>\n<meta name=\"robots\" content=\"index, follow, max-snippet:-1, max-image-preview:large, max-video-preview:-1\" \/>\n<link rel=\"canonical\" href=\"https:\/\/www.borgoanticohotelcomo.it\/es\/ofertas\/\" \/>\n<meta property=\"og:locale\" content=\"es_ES\" \/>\n<meta property=\"og:type\" content=\"article\" \/>\n<meta property=\"og:title\" content=\"Ofertas - Hotel Borgo Antico Como\" \/>\n<meta property=\"og:description\" content=\"Ofertas especiales del Hotel Borgo Antico Como.\" \/>\n<meta property=\"og:url\" content=\"https:\/\/www.borgoanticohotelcomo.it\/es\/ofertas\/\" \/>\n<meta property=\"og:site_name\" content=\"Hotel Borgo Antico Como\" \/>\n<meta property=\"article:modified_time\" content=\"2025-07-24T08:25:45+00:00\" \/>\n<meta property=\"og:image\" content=\"https:\/\/www.borgoanticohotelcomo.it\/wp-content\/uploads\/2021\/05\/DSC_1850-scaled.jpg\" \/>\n\t<meta property=\"og:image:width\" content=\"2560\" \/>\n\t<meta property=\"og:image:height\" content=\"1709\" \/>\n\t<meta property=\"og:image:type\" content=\"image\/jpeg\" \/>\n<meta name=\"twitter:card\" content=\"summary_large_image\" \/>\n<meta name=\"twitter:label1\" content=\"Tiempo de lectura\" \/>\n\t<meta name=\"twitter:data1\" content=\"2 minutos\" \/>\n<script type=\"application\/ld+json\" class=\"yoast-schema-graph\">{\"@context\":\"https:\/\/schema.org\",\"@graph\":[{\"@type\":\"WebPage\",\"@id\":\"https:\/\/www.borgoanticohotelcomo.it\/es\/ofertas\/\",\"url\":\"https:\/\/www.borgoanticohotelcomo.it\/es\/ofertas\/\",\"name\":\"Ofertas - Hotel Borgo Antico Como\",\"isPartOf\":{\"@id\":\"https:\/\/www.borgoanticohotelcomo.it\/es\/#website\"},\"primaryImageOfPage\":{\"@id\":\"https:\/\/www.borgoanticohotelcomo.it\/es\/ofertas\/#primaryimage\"},\"image\":{\"@id\":\"https:\/\/www.borgoanticohotelcomo.it\/es\/ofertas\/#primaryimage\"},\"thumbnailUrl\":\"https:\/\/www.borgoanticohotelcomo.it\/wp-content\/uploads\/2021\/05\/DSC_1850-scaled.jpg\",\"datePublished\":\"2021-06-10T14:05:41+00:00\",\"dateModified\":\"2025-07-24T08:25:45+00:00\",\"description\":\"Ofertas especiales del Hotel Borgo Antico Como.\",\"breadcrumb\":{\"@id\":\"https:\/\/www.borgoanticohotelcomo.it\/es\/ofertas\/#breadcrumb\"},\"inLanguage\":\"es\",\"potentialAction\":[{\"@type\":\"ReadAction\",\"target\":[\"https:\/\/www.borgoanticohotelcomo.it\/es\/ofertas\/\"]}]},{\"@type\":\"ImageObject\",\"inLanguage\":\"es\",\"@id\":\"https:\/\/www.borgoanticohotelcomo.it\/es\/ofertas\/#primaryimage\",\"url\":\"https:\/\/www.borgoanticohotelcomo.it\/wp-content\/uploads\/2021\/05\/DSC_1850-scaled.jpg\",\"contentUrl\":\"https:\/\/www.borgoanticohotelcomo.it\/wp-content\/uploads\/2021\/05\/DSC_1850-scaled.jpg\",\"width\":2560,\"height\":1709},{\"@type\":\"BreadcrumbList\",\"@id\":\"https:\/\/www.borgoanticohotelcomo.it\/es\/ofertas\/#breadcrumb\",\"itemListElement\":[{\"@type\":\"ListItem\",\"position\":1,\"name\":\"Home\",\"item\":\"https:\/\/www.borgoanticohotelcomo.it\/es\/\"},{\"@type\":\"ListItem\",\"position\":2,\"name\":\"Ofertas\"}]},{\"@type\":\"WebSite\",\"@id\":\"https:\/\/www.borgoanticohotelcomo.it\/es\/#website\",\"url\":\"https:\/\/www.borgoanticohotelcomo.it\/es\/\",\"name\":\"Hotel Borgo Antico Como\",\"description\":\"Hotel Como\",\"publisher\":{\"@id\":\"https:\/\/www.borgoanticohotelcomo.it\/es\/#organization\"},\"potentialAction\":[{\"@type\":\"SearchAction\",\"target\":{\"@type\":\"EntryPoint\",\"urlTemplate\":\"https:\/\/www.borgoanticohotelcomo.it\/es\/?s={search_term_string}\"},\"query-input\":{\"@type\":\"PropertyValueSpecification\",\"valueRequired\":true,\"valueName\":\"search_term_string\"}}],\"inLanguage\":\"es\"},{\"@type\":\"Organization\",\"@id\":\"https:\/\/www.borgoanticohotelcomo.it\/es\/#organization\",\"name\":\"Hotel Borgo Antico Como\",\"url\":\"https:\/\/www.borgoanticohotelcomo.it\/es\/\",\"logo\":{\"@type\":\"ImageObject\",\"inLanguage\":\"es\",\"@id\":\"https:\/\/www.borgoanticohotelcomo.it\/es\/#\/schema\/logo\/image\/\",\"url\":\"https:\/\/www.borgoanticohotelcomo.it\/wp-content\/uploads\/2021\/05\/cropped-logo_512x512.png\",\"contentUrl\":\"https:\/\/www.borgoanticohotelcomo.it\/wp-content\/uploads\/2021\/05\/cropped-logo_512x512.png\",\"width\":512,\"height\":512,\"caption\":\"Hotel Borgo Antico Como\"},\"image\":{\"@id\":\"https:\/\/www.borgoanticohotelcomo.it\/es\/#\/schema\/logo\/image\/\"}}]}<\/script>\n<!-- \/ Yoast SEO plugin. -->","yoast_head_json":{"title":"Ofertas - Hotel Borgo Antico Como","description":"Ofertas especiales del Hotel Borgo Antico Como.","robots":{"index":"index","follow":"follow","max-snippet":"max-snippet:-1","max-image-preview":"max-image-preview:large","max-video-preview":"max-video-preview:-1"},"canonical":"https:\/\/www.borgoanticohotelcomo.it\/es\/ofertas\/","og_locale":"es_ES","og_type":"article","og_title":"Ofertas - Hotel Borgo Antico Como","og_description":"Ofertas especiales del Hotel Borgo Antico Como.","og_url":"https:\/\/www.borgoanticohotelcomo.it\/es\/ofertas\/","og_site_name":"Hotel Borgo Antico Como","article_modified_time":"2025-07-24T08:25:45+00:00","og_image":[{"width":2560,"height":1709,"url":"https:\/\/www.borgoanticohotelcomo.it\/wp-content\/uploads\/2021\/05\/DSC_1850-scaled.jpg","type":"image\/jpeg"}],"twitter_card":"summary_large_image","twitter_misc":{"Tiempo de lectura":"2 minutos"},"schema":{"@context":"https:\/\/schema.org","@graph":[{"@type":"WebPage","@id":"https:\/\/www.borgoanticohotelcomo.it\/es\/ofertas\/","url":"https:\/\/www.borgoanticohotelcomo.it\/es\/ofertas\/","name":"Ofertas - Hotel Borgo Antico Como","isPartOf":{"@id":"https:\/\/www.borgoanticohotelcomo.it\/es\/#website"},"primaryImageOfPage":{"@id":"https:\/\/www.borgoanticohotelcomo.it\/es\/ofertas\/#primaryimage"},"image":{"@id":"https:\/\/www.borgoanticohotelcomo.it\/es\/ofertas\/#primaryimage"},"thumbnailUrl":"https:\/\/www.borgoanticohotelcomo.it\/wp-content\/uploads\/2021\/05\/DSC_1850-scaled.jpg","datePublished":"2021-06-10T14:05:41+00:00","dateModified":"2025-07-24T08:25:45+00:00","description":"Ofertas especiales del Hotel Borgo Antico Como.","breadcrumb":{"@id":"https:\/\/www.borgoanticohotelcomo.it\/es\/ofertas\/#breadcrumb"},"inLanguage":"es","potentialAction":[{"@type":"ReadAction","target":["https:\/\/www.borgoanticohotelcomo.it\/es\/ofertas\/"]}]},{"@type":"ImageObject","inLanguage":"es","@id":"https:\/\/www.borgoanticohotelcomo.it\/es\/ofertas\/#primaryimage","url":"https:\/\/www.borgoanticohotelcomo.it\/wp-content\/uploads\/2021\/05\/DSC_1850-scaled.jpg","contentUrl":"https:\/\/www.borgoanticohotelcomo.it\/wp-content\/uploads\/2021\/05\/DSC_1850-scaled.jpg","width":2560,"height":1709},{"@type":"BreadcrumbList","@id":"https:\/\/www.borgoanticohotelcomo.it\/es\/ofertas\/#breadcrumb","itemListElement":[{"@type":"ListItem","position":1,"name":"Home","item":"https:\/\/www.borgoanticohotelcomo.it\/es\/"},{"@type":"ListItem","position":2,"name":"Ofertas"}]},{"@type":"WebSite","@id":"https:\/\/www.borgoanticohotelcomo.it\/es\/#website","url":"https:\/\/www.borgoanticohotelcomo.it\/es\/","name":"Hotel Borgo Antico Como","description":"Hotel Como","publisher":{"@id":"https:\/\/www.borgoanticohotelcomo.it\/es\/#organization"},"potentialAction":[{"@type":"SearchAction","target":{"@type":"EntryPoint","urlTemplate":"https:\/\/www.borgoanticohotelcomo.it\/es\/?s={search_term_string}"},"query-input":{"@type":"PropertyValueSpecification","valueRequired":true,"valueName":"search_term_string"}}],"inLanguage":"es"},{"@type":"Organization","@id":"https:\/\/www.borgoanticohotelcomo.it\/es\/#organization","name":"Hotel Borgo Antico Como","url":"https:\/\/www.borgoanticohotelcomo.it\/es\/","logo":{"@type":"ImageObject","inLanguage":"es","@id":"https:\/\/www.borgoanticohotelcomo.it\/es\/#\/schema\/logo\/image\/","url":"https:\/\/www.borgoanticohotelcomo.it\/wp-content\/uploads\/2021\/05\/cropped-logo_512x512.png","contentUrl":"https:\/\/www.borgoanticohotelcomo.it\/wp-content\/uploads\/2021\/05\/cropped-logo_512x512.png","width":512,"height":512,"caption":"Hotel Borgo Antico Como"},"image":{"@id":"https:\/\/www.borgoanticohotelcomo.it\/es\/#\/schema\/logo\/image\/"}}]}},"_links":{"self":[{"href":"https:\/\/www.borgoanticohotelcomo.it\/es\/wp-json\/wp\/v2\/pages\/1325","targetHints":{"allow":["GET"]}}],"collection":[{"href":"https:\/\/www.borgoanticohotelcomo.it\/es\/wp-json\/wp\/v2\/pages"}],"about":[{"href":"https:\/\/www.borgoanticohotelcomo.it\/es\/wp-json\/wp\/v2\/types\/page"}],"author":[{"embeddable":true,"href":"https:\/\/www.borgoanticohotelcomo.it\/es\/wp-json\/wp\/v2\/users\/1"}],"replies":[{"embeddable":true,"href":"https:\/\/www.borgoanticohotelcomo.it\/es\/wp-json\/wp\/v2\/comments?post=1325"}],"version-history":[{"count":2,"href":"https:\/\/www.borgoanticohotelcomo.it\/es\/wp-json\/wp\/v2\/pages\/1325\/revisions"}],"predecessor-version":[{"id":2823,"href":"https:\/\/www.borgoanticohotelcomo.it\/es\/wp-json\/wp\/v2\/pages\/1325\/revisions\/2823"}],"wp:featuredmedia":[{"embeddable":true,"href":"https:\/\/www.borgoanticohotelcomo.it\/es\/wp-json\/wp\/v2\/media\/1066"}],"wp:attachment":[{"href":"https:\/\/www.borgoanticohotelcomo.it\/es\/wp-json\/wp\/v2\/media?parent=1325"}],"curies":[{"name":"wp","href":"https:\/\/api.w.org\/{rel}","templated":true}]}}