{"id":1317,"date":"2021-06-10T15:58:17","date_gmt":"2021-06-10T13:58:17","guid":{"rendered":"https:\/\/www.borgoanticohotelcomo.it\/partners\/"},"modified":"2026-04-28T12:02:10","modified_gmt":"2026-04-28T10:02:10","slug":"partners","status":"publish","type":"page","link":"https:\/\/www.borgoanticohotelcomo.it\/es\/partners\/","title":{"rendered":"Partners"},"content":{"rendered":"<p>[et_pb_section fb_built=\u00bb1&#8243; admin_label=\u00bbSezione Banner-Title\u00bb module_id=\u00bbbanner-title\u00bb _builder_version=\u00bb4.16&#8243; _module_preset=\u00bbdefault\u00bb background_image=\u00bbhttps:\/\/www.borgoanticohotelcomo.it\/wp-content\/uploads\/2021\/05\/DSC_1897-scaled.jpg\u00bb parallax=\u00bbon\u00bb custom_padding=\u00bb||||false|false\u00bb global_colors_info=\u00bb{}\u00bb][et_pb_row _builder_version=\u00bb4.16&#8243; _module_preset=\u00bbdefault\u00bb custom_margin=\u00bb||||false|false\u00bb custom_padding=\u00bb200px||||false|false\u00bb global_colors_info=\u00bb{}\u00bb][et_pb_column type=\u00bb4_4&#8243; _builder_version=\u00bb4.16&#8243; _module_preset=\u00bbdefault\u00bb global_colors_info=\u00bb{}\u00bb][et_pb_post_title meta=\u00bboff\u00bb featured_image=\u00bboff\u00bb _builder_version=\u00bb4.16&#8243; _module_preset=\u00bbdefault\u00bb title_text_align=\u00bbcenter\u00bb title_text_color=\u00bb#FFFFFF\u00bb title_text_shadow_style=\u00bbpreset1&#8243; global_colors_info=\u00bb{}\u00bb][\/et_pb_post_title][\/et_pb_column][\/et_pb_row][\/et_pb_section][et_pb_section fb_built=\u00bb1&#8243; admin_label=\u00bbSezione TESTO\u00bb _builder_version=\u00bb4.16&#8243; _module_preset=\u00bbdefault\u00bb global_colors_info=\u00bb{}\u00bb][et_pb_row _builder_version=\u00bb4.16&#8243; _module_preset=\u00bbdefault\u00bb global_colors_info=\u00bb{}\u00bb][et_pb_column type=\u00bb4_4&#8243; _builder_version=\u00bb4.16&#8243; _module_preset=\u00bbdefault\u00bb global_colors_info=\u00bb{}\u00bb][et_pb_text _builder_version=\u00bb4.27.5&#8243; _module_preset=\u00bbdefault\u00bb hover_enabled=\u00bb0&#8243; global_colors_info=\u00bb{}\u00bb sticky_enabled=\u00bb0&#8243;]<\/p>\n<h2>Los sue\u00f1os, en Como, no terminan al amanecer<\/h2>\n<p>&nbsp;<\/p>\n<p>Una ciudad para vivir todo el a\u00f1o, mes tras mes, saboreando sus aromas, lugares y tipicidad. Ya sea que decida dejarse encantar por las rom\u00e1nticas villas hist\u00f3ricas o pasear por las colinas de Brunate, o disfrutar de una deliciosa cena en el barco o un emocionante vuelo en hidroavi\u00f3n, tenga la seguridad de que su experiencia en Como ser\u00e1 \u00fanica, inolvidable e intenso. Nuestro objetivo es darte la bienvenida a nuestro hotel y ofrecerte una serie de consejos sobre c\u00f3mo disfrutar mejor tu #ComoExperience.<\/p>\n<p>Para nuestros clientes, se esperan algunas sorpresas en algunos lugares afiliados.<\/p>\n<p>&nbsp;<\/p>\n<h3>Bistrot Figli dei Fiori<\/h3>\n<p>Justo al lado, el Bistrot ofrece a los hu\u00e9spedes de Borgo Antico la oportunidad de almorzar o cenar a un precio especial. Se requiere reserva en nuestra recepci\u00f3n.<\/p>\n<p>&nbsp;<\/p>\n<h3>Tour por la ciudad con Gu\u00eda Tur\u00edstico<\/h3>\n<p>\u00bfQuieres explorar la ciudad siguiendo los consejos de un gu\u00eda tur\u00edstico excepcional? Posibilidad de recorridos tem\u00e1ticos en Como y sus alrededores.<\/p>\n<p>&nbsp;<\/p>\n<h3>Aero Club<\/h3>\n<p>\u00a1El lago de Como como nunca antes lo hab\u00edas visto! Vuela en los hidroaviones del aeroclub, acompa\u00f1ado de los mejores pilotos y, al final del viaje, te entregar\u00e1n un gadget.<\/p>\n<p>&nbsp;<\/p>\n<h3>Servicio de transferencia<\/h3>\n<p>Para nuestros hu\u00e9spedes, est\u00e1n disponibles promociones exclusivas para el servicio de traslado a Mil\u00e1n (centro, Feria y aeropuertos), Fox Town en Mendrisio, Casino en Campione d&#8217;Italia y otros destinos bajo petici\u00f3n.<\/p>\n<p>&nbsp;<\/p>\n<h3>En el lago con Dreaming Como Lake<\/h3>\n<p>En nuestra recepci\u00f3n, puede solicitar informaci\u00f3n y reservar excursiones personalizadas al lago de Como en colaboraci\u00f3n con Dreaming Como Lake.<\/p>\n<p>[\/et_pb_text][\/et_pb_column][\/et_pb_row][\/et_pb_section]<\/p>\n","protected":false},"excerpt":{"rendered":"<p>Los sue\u00f1os, en Como, no terminan al amanecer &nbsp; Una ciudad para vivir todo el a\u00f1o, mes tras mes, saboreando sus aromas, lugares y tipicidad. Ya sea que decida dejarse encantar por las rom\u00e1nticas villas hist\u00f3ricas o pasear por las colinas de Brunate, o disfrutar de una deliciosa cena en el barco o un emocionante [&hellip;]<\/p>\n","protected":false},"author":1,"featured_media":1075,"parent":0,"menu_order":0,"comment_status":"closed","ping_status":"closed","template":"","meta":{"_et_pb_use_builder":"on","_et_pb_old_content":"","_et_gb_content_width":"","footnotes":""},"class_list":["post-1317","page","type-page","status-publish","has-post-thumbnail","hentry"],"yoast_head":"<!-- This site is optimized with the Yoast SEO plugin v26.5 - https:\/\/yoast.com\/wordpress\/plugins\/seo\/ -->\n<title>Partners - Hotel Borgo Antico Como<\/title>\n<meta name=\"description\" content=\"Nuestro objetivo es darte la bienvenida a nuestro hotel y ofrecerte una serie de consejos sobre c\u00f3mo disfrutar mejor tu #ComoExperience.\" \/>\n<meta name=\"robots\" content=\"index, follow, max-snippet:-1, max-image-preview:large, max-video-preview:-1\" \/>\n<link rel=\"canonical\" href=\"https:\/\/www.borgoanticohotelcomo.it\/es\/partners\/\" \/>\n<meta property=\"og:locale\" content=\"es_ES\" \/>\n<meta property=\"og:type\" content=\"article\" \/>\n<meta property=\"og:title\" content=\"Partners - Hotel Borgo Antico Como\" \/>\n<meta property=\"og:description\" content=\"Nuestro objetivo es darte la bienvenida a nuestro hotel y ofrecerte una serie de consejos sobre c\u00f3mo disfrutar mejor tu #ComoExperience.\" \/>\n<meta property=\"og:url\" content=\"https:\/\/www.borgoanticohotelcomo.it\/es\/partners\/\" \/>\n<meta property=\"og:site_name\" content=\"Hotel Borgo Antico Como\" \/>\n<meta property=\"article:modified_time\" content=\"2026-04-28T10:02:10+00:00\" \/>\n<meta property=\"og:image\" content=\"https:\/\/www.borgoanticohotelcomo.it\/wp-content\/uploads\/2021\/05\/DSC_1897-scaled.jpg\" \/>\n\t<meta property=\"og:image:width\" content=\"2560\" \/>\n\t<meta property=\"og:image:height\" content=\"1709\" \/>\n\t<meta property=\"og:image:type\" content=\"image\/jpeg\" \/>\n<meta name=\"twitter:card\" content=\"summary_large_image\" \/>\n<meta name=\"twitter:label1\" content=\"Tiempo de lectura\" \/>\n\t<meta name=\"twitter:data1\" content=\"2 minutos\" \/>\n<script type=\"application\/ld+json\" class=\"yoast-schema-graph\">{\"@context\":\"https:\/\/schema.org\",\"@graph\":[{\"@type\":\"WebPage\",\"@id\":\"https:\/\/www.borgoanticohotelcomo.it\/es\/partners\/\",\"url\":\"https:\/\/www.borgoanticohotelcomo.it\/es\/partners\/\",\"name\":\"Partners - Hotel Borgo Antico Como\",\"isPartOf\":{\"@id\":\"https:\/\/www.borgoanticohotelcomo.it\/es\/#website\"},\"primaryImageOfPage\":{\"@id\":\"https:\/\/www.borgoanticohotelcomo.it\/es\/partners\/#primaryimage\"},\"image\":{\"@id\":\"https:\/\/www.borgoanticohotelcomo.it\/es\/partners\/#primaryimage\"},\"thumbnailUrl\":\"https:\/\/www.borgoanticohotelcomo.it\/wp-content\/uploads\/2021\/05\/DSC_1897-scaled.jpg\",\"datePublished\":\"2021-06-10T13:58:17+00:00\",\"dateModified\":\"2026-04-28T10:02:10+00:00\",\"description\":\"Nuestro objetivo es darte la bienvenida a nuestro hotel y ofrecerte una serie de consejos sobre c\u00f3mo disfrutar mejor tu #ComoExperience.\",\"breadcrumb\":{\"@id\":\"https:\/\/www.borgoanticohotelcomo.it\/es\/partners\/#breadcrumb\"},\"inLanguage\":\"es\",\"potentialAction\":[{\"@type\":\"ReadAction\",\"target\":[\"https:\/\/www.borgoanticohotelcomo.it\/es\/partners\/\"]}]},{\"@type\":\"ImageObject\",\"inLanguage\":\"es\",\"@id\":\"https:\/\/www.borgoanticohotelcomo.it\/es\/partners\/#primaryimage\",\"url\":\"https:\/\/www.borgoanticohotelcomo.it\/wp-content\/uploads\/2021\/05\/DSC_1897-scaled.jpg\",\"contentUrl\":\"https:\/\/www.borgoanticohotelcomo.it\/wp-content\/uploads\/2021\/05\/DSC_1897-scaled.jpg\",\"width\":2560,\"height\":1709},{\"@type\":\"BreadcrumbList\",\"@id\":\"https:\/\/www.borgoanticohotelcomo.it\/es\/partners\/#breadcrumb\",\"itemListElement\":[{\"@type\":\"ListItem\",\"position\":1,\"name\":\"Home\",\"item\":\"https:\/\/www.borgoanticohotelcomo.it\/es\/\"},{\"@type\":\"ListItem\",\"position\":2,\"name\":\"Partners\"}]},{\"@type\":\"WebSite\",\"@id\":\"https:\/\/www.borgoanticohotelcomo.it\/es\/#website\",\"url\":\"https:\/\/www.borgoanticohotelcomo.it\/es\/\",\"name\":\"Hotel Borgo Antico Como\",\"description\":\"Hotel Como\",\"publisher\":{\"@id\":\"https:\/\/www.borgoanticohotelcomo.it\/es\/#organization\"},\"potentialAction\":[{\"@type\":\"SearchAction\",\"target\":{\"@type\":\"EntryPoint\",\"urlTemplate\":\"https:\/\/www.borgoanticohotelcomo.it\/es\/?s={search_term_string}\"},\"query-input\":{\"@type\":\"PropertyValueSpecification\",\"valueRequired\":true,\"valueName\":\"search_term_string\"}}],\"inLanguage\":\"es\"},{\"@type\":\"Organization\",\"@id\":\"https:\/\/www.borgoanticohotelcomo.it\/es\/#organization\",\"name\":\"Hotel Borgo Antico Como\",\"url\":\"https:\/\/www.borgoanticohotelcomo.it\/es\/\",\"logo\":{\"@type\":\"ImageObject\",\"inLanguage\":\"es\",\"@id\":\"https:\/\/www.borgoanticohotelcomo.it\/es\/#\/schema\/logo\/image\/\",\"url\":\"https:\/\/www.borgoanticohotelcomo.it\/wp-content\/uploads\/2021\/05\/cropped-logo_512x512.png\",\"contentUrl\":\"https:\/\/www.borgoanticohotelcomo.it\/wp-content\/uploads\/2021\/05\/cropped-logo_512x512.png\",\"width\":512,\"height\":512,\"caption\":\"Hotel Borgo Antico Como\"},\"image\":{\"@id\":\"https:\/\/www.borgoanticohotelcomo.it\/es\/#\/schema\/logo\/image\/\"}}]}<\/script>\n<!-- \/ Yoast SEO plugin. -->","yoast_head_json":{"title":"Partners - Hotel Borgo Antico Como","description":"Nuestro objetivo es darte la bienvenida a nuestro hotel y ofrecerte una serie de consejos sobre c\u00f3mo disfrutar mejor tu #ComoExperience.","robots":{"index":"index","follow":"follow","max-snippet":"max-snippet:-1","max-image-preview":"max-image-preview:large","max-video-preview":"max-video-preview:-1"},"canonical":"https:\/\/www.borgoanticohotelcomo.it\/es\/partners\/","og_locale":"es_ES","og_type":"article","og_title":"Partners - Hotel Borgo Antico Como","og_description":"Nuestro objetivo es darte la bienvenida a nuestro hotel y ofrecerte una serie de consejos sobre c\u00f3mo disfrutar mejor tu #ComoExperience.","og_url":"https:\/\/www.borgoanticohotelcomo.it\/es\/partners\/","og_site_name":"Hotel Borgo Antico Como","article_modified_time":"2026-04-28T10:02:10+00:00","og_image":[{"width":2560,"height":1709,"url":"https:\/\/www.borgoanticohotelcomo.it\/wp-content\/uploads\/2021\/05\/DSC_1897-scaled.jpg","type":"image\/jpeg"}],"twitter_card":"summary_large_image","twitter_misc":{"Tiempo de lectura":"2 minutos"},"schema":{"@context":"https:\/\/schema.org","@graph":[{"@type":"WebPage","@id":"https:\/\/www.borgoanticohotelcomo.it\/es\/partners\/","url":"https:\/\/www.borgoanticohotelcomo.it\/es\/partners\/","name":"Partners - Hotel Borgo Antico Como","isPartOf":{"@id":"https:\/\/www.borgoanticohotelcomo.it\/es\/#website"},"primaryImageOfPage":{"@id":"https:\/\/www.borgoanticohotelcomo.it\/es\/partners\/#primaryimage"},"image":{"@id":"https:\/\/www.borgoanticohotelcomo.it\/es\/partners\/#primaryimage"},"thumbnailUrl":"https:\/\/www.borgoanticohotelcomo.it\/wp-content\/uploads\/2021\/05\/DSC_1897-scaled.jpg","datePublished":"2021-06-10T13:58:17+00:00","dateModified":"2026-04-28T10:02:10+00:00","description":"Nuestro objetivo es darte la bienvenida a nuestro hotel y ofrecerte una serie de consejos sobre c\u00f3mo disfrutar mejor tu #ComoExperience.","breadcrumb":{"@id":"https:\/\/www.borgoanticohotelcomo.it\/es\/partners\/#breadcrumb"},"inLanguage":"es","potentialAction":[{"@type":"ReadAction","target":["https:\/\/www.borgoanticohotelcomo.it\/es\/partners\/"]}]},{"@type":"ImageObject","inLanguage":"es","@id":"https:\/\/www.borgoanticohotelcomo.it\/es\/partners\/#primaryimage","url":"https:\/\/www.borgoanticohotelcomo.it\/wp-content\/uploads\/2021\/05\/DSC_1897-scaled.jpg","contentUrl":"https:\/\/www.borgoanticohotelcomo.it\/wp-content\/uploads\/2021\/05\/DSC_1897-scaled.jpg","width":2560,"height":1709},{"@type":"BreadcrumbList","@id":"https:\/\/www.borgoanticohotelcomo.it\/es\/partners\/#breadcrumb","itemListElement":[{"@type":"ListItem","position":1,"name":"Home","item":"https:\/\/www.borgoanticohotelcomo.it\/es\/"},{"@type":"ListItem","position":2,"name":"Partners"}]},{"@type":"WebSite","@id":"https:\/\/www.borgoanticohotelcomo.it\/es\/#website","url":"https:\/\/www.borgoanticohotelcomo.it\/es\/","name":"Hotel Borgo Antico Como","description":"Hotel Como","publisher":{"@id":"https:\/\/www.borgoanticohotelcomo.it\/es\/#organization"},"potentialAction":[{"@type":"SearchAction","target":{"@type":"EntryPoint","urlTemplate":"https:\/\/www.borgoanticohotelcomo.it\/es\/?s={search_term_string}"},"query-input":{"@type":"PropertyValueSpecification","valueRequired":true,"valueName":"search_term_string"}}],"inLanguage":"es"},{"@type":"Organization","@id":"https:\/\/www.borgoanticohotelcomo.it\/es\/#organization","name":"Hotel Borgo Antico Como","url":"https:\/\/www.borgoanticohotelcomo.it\/es\/","logo":{"@type":"ImageObject","inLanguage":"es","@id":"https:\/\/www.borgoanticohotelcomo.it\/es\/#\/schema\/logo\/image\/","url":"https:\/\/www.borgoanticohotelcomo.it\/wp-content\/uploads\/2021\/05\/cropped-logo_512x512.png","contentUrl":"https:\/\/www.borgoanticohotelcomo.it\/wp-content\/uploads\/2021\/05\/cropped-logo_512x512.png","width":512,"height":512,"caption":"Hotel Borgo Antico Como"},"image":{"@id":"https:\/\/www.borgoanticohotelcomo.it\/es\/#\/schema\/logo\/image\/"}}]}},"_links":{"self":[{"href":"https:\/\/www.borgoanticohotelcomo.it\/es\/wp-json\/wp\/v2\/pages\/1317","targetHints":{"allow":["GET"]}}],"collection":[{"href":"https:\/\/www.borgoanticohotelcomo.it\/es\/wp-json\/wp\/v2\/pages"}],"about":[{"href":"https:\/\/www.borgoanticohotelcomo.it\/es\/wp-json\/wp\/v2\/types\/page"}],"author":[{"embeddable":true,"href":"https:\/\/www.borgoanticohotelcomo.it\/es\/wp-json\/wp\/v2\/users\/1"}],"replies":[{"embeddable":true,"href":"https:\/\/www.borgoanticohotelcomo.it\/es\/wp-json\/wp\/v2\/comments?post=1317"}],"version-history":[{"count":2,"href":"https:\/\/www.borgoanticohotelcomo.it\/es\/wp-json\/wp\/v2\/pages\/1317\/revisions"}],"predecessor-version":[{"id":2851,"href":"https:\/\/www.borgoanticohotelcomo.it\/es\/wp-json\/wp\/v2\/pages\/1317\/revisions\/2851"}],"wp:featuredmedia":[{"embeddable":true,"href":"https:\/\/www.borgoanticohotelcomo.it\/es\/wp-json\/wp\/v2\/media\/1075"}],"wp:attachment":[{"href":"https:\/\/www.borgoanticohotelcomo.it\/es\/wp-json\/wp\/v2\/media?parent=1317"}],"curies":[{"name":"wp","href":"https:\/\/api.w.org\/{rel}","templated":true}]}}