{"id":1287,"date":"2021-06-09T17:16:50","date_gmt":"2021-06-09T15:16:50","guid":{"rendered":"https:\/\/www.borgoanticohotelcomo.it\/angebote\/"},"modified":"2025-07-24T09:57:47","modified_gmt":"2025-07-24T07:57:47","slug":"angebote","status":"publish","type":"page","link":"https:\/\/www.borgoanticohotelcomo.it\/de\/angebote\/","title":{"rendered":"Angebote"},"content":{"rendered":"<p>[et_pb_section fb_built=&#8220;1&#8243; admin_label=&#8220;Sezione Banner-Title&#8220; module_id=&#8220;banner-title&#8220; _builder_version=&#8220;4.27.4&#8243; _module_preset=&#8220;default&#8220; background_image=&#8220;https:\/\/www.borgoanticohotelcomo.it\/wp-content\/uploads\/2021\/05\/DSC_1850-scaled.jpg&#8220; background_position=&#8220;top_center&#8220; background_vertical_offset=&#8220;71%&#8220; custom_padding=&#8220;||||false|false&#8220; global_colors_info=&#8220;{}&#8220;][et_pb_row _builder_version=&#8220;4.16&#8243; _module_preset=&#8220;default&#8220; custom_margin=&#8220;||||false|false&#8220; custom_padding=&#8220;200px||||false|false&#8220; global_colors_info=&#8220;{}&#8220;][et_pb_column type=&#8220;4_4&#8243; _builder_version=&#8220;4.16&#8243; _module_preset=&#8220;default&#8220; global_colors_info=&#8220;{}&#8220;][et_pb_post_title meta=&#8220;off&#8220; featured_image=&#8220;off&#8220; _builder_version=&#8220;4.16&#8243; _module_preset=&#8220;default&#8220; title_text_align=&#8220;center&#8220; title_text_color=&#8220;#FFFFFF&#8220; title_text_shadow_style=&#8220;preset1&#8243; global_colors_info=&#8220;{}&#8220;][\/et_pb_post_title][\/et_pb_column][\/et_pb_row][\/et_pb_section][et_pb_section fb_built=&#8220;1&#8243; admin_label=&#8220;Sezione TESTO&#8220; _builder_version=&#8220;4.16&#8243; _module_preset=&#8220;default&#8220; global_colors_info=&#8220;{}&#8220;][et_pb_row _builder_version=&#8220;4.16&#8243; _module_preset=&#8220;default&#8220; global_colors_info=&#8220;{}&#8220;][et_pb_column type=&#8220;4_4&#8243; _builder_version=&#8220;4.16&#8243; _module_preset=&#8220;default&#8220; global_colors_info=&#8220;{}&#8220;][et_pb_text _builder_version=&#8220;4.27.4&#8243; _module_preset=&#8220;default&#8220; hover_enabled=&#8220;0&#8243; global_colors_info=&#8220;{}&#8220; sticky_enabled=&#8220;0&#8243;]<\/p>\n<h2>Willkommen in unserem Special Offers-Bereich!<\/h2>\n<p>&nbsp;<\/p>\n<p>Hier finden Sie alle unsere aktuellen Angebote und Aktionen, die Ihnen maximale Ersparnisse bieten \u2013 ohne Kompromisse bei der Qualit\u00e4t. Besuchen Sie diese Seite regelm\u00e4\u00dfig, um \u00fcber neue Angebote, exklusive Rabatte und unschlagbare Gelegenheiten auf dem Laufenden zu bleiben..<\/p>\n<p><strong>Wir erinnern Sie daran: Eine direkte Buchung \u00fcber uns lohnt sich immer!<\/strong><br \/>\n<strong>Nur hier auf unserer Website erhalten Sie die garantiert besten Preise und exklusive Vorteile, die nur unseren G\u00e4sten vorbehalten sind<\/strong>.<\/p>\n<p>&nbsp;<\/p>\n<p style=\"text-align: center; font-size: 1.2em;\"><strong>Verpassen Sie diese Gelegenheit nicht!<\/strong><\/p>\n<div style=\"text-align: center;\" class=\"et_pb_button_module_wrapper et_pb_button_0_tb_footer_wrapper  et_pb_module \"><a class=\"et_pb_button et_pb_button_0_tb_footer cta-bt et_pb_bg_layout_light\" href=\"\/de\/reservierungen\/\" rel=\"noopener\">Jetzt buchen<\/a><\/div>\n<p style=\"text-align: center;\">&#8230;.und spare mit uns! Bis bald!<\/p>\n<p>[\/et_pb_text][et_pb_blog fullwidth=&#8220;off&#8220; posts_number=&#8220;12&#8243; include_categories=&#8220;24&#8243; excerpt_length=&#8220;150&#8243; show_author=&#8220;off&#8220; show_categories=&#8220;off&#8220; disabled_on=&#8220;on|on|on&#8220; _builder_version=&#8220;4.16&#8243; _module_preset=&#8220;default&#8220; header_font=&#8220;Lato||||||||&#8220; header_font_size=&#8220;22px&#8220; body_font=&#8220;Lato||||||||&#8220; body_font_size=&#8220;18px&#8220; meta_font=&#8220;Lato||||||||&#8220; meta_font_size=&#8220;16px&#8220; border_width_all_image=&#8220;6px&#8220; border_color_all_image=&#8220;#FFFFFF&#8220; box_shadow_style_image=&#8220;preset1&#8243; box_shadow_blur_image=&#8220;12px&#8220; disabled=&#8220;on&#8220; global_colors_info=&#8220;{}&#8220;][\/et_pb_blog][\/et_pb_column][\/et_pb_row][\/et_pb_section]<\/p>\n","protected":false},"excerpt":{"rendered":"<p>Willkommen in unserem Special Offers-Bereich! &nbsp; Hier finden Sie alle unsere aktuellen Angebote und Aktionen, die Ihnen maximale Ersparnisse bieten \u2013 ohne Kompromisse bei der Qualit\u00e4t. Besuchen Sie diese Seite regelm\u00e4\u00dfig, um \u00fcber neue Angebote, exklusive Rabatte und unschlagbare Gelegenheiten auf dem Laufenden zu bleiben.. Wir erinnern Sie daran: Eine direkte Buchung \u00fcber uns lohnt [&hellip;]<\/p>\n","protected":false},"author":1,"featured_media":1065,"parent":0,"menu_order":0,"comment_status":"closed","ping_status":"closed","template":"","meta":{"_et_pb_use_builder":"on","_et_pb_old_content":"","_et_gb_content_width":"","footnotes":""},"class_list":["post-1287","page","type-page","status-publish","has-post-thumbnail","hentry"],"yoast_head":"<!-- This site is optimized with the Yoast SEO plugin v26.5 - https:\/\/yoast.com\/wordpress\/plugins\/seo\/ -->\n<title>Angebote - Hotel Borgo Antico Como<\/title>\n<meta name=\"description\" content=\"Sonderangebote des Hotel Borgo Antico Como.\" \/>\n<meta name=\"robots\" content=\"index, follow, max-snippet:-1, max-image-preview:large, max-video-preview:-1\" \/>\n<link rel=\"canonical\" href=\"https:\/\/www.borgoanticohotelcomo.it\/de\/angebote\/\" \/>\n<meta property=\"og:locale\" content=\"de_DE\" \/>\n<meta property=\"og:type\" content=\"article\" \/>\n<meta property=\"og:title\" content=\"Angebote - Hotel Borgo Antico Como\" \/>\n<meta property=\"og:description\" content=\"Sonderangebote des Hotel Borgo Antico Como.\" \/>\n<meta property=\"og:url\" content=\"https:\/\/www.borgoanticohotelcomo.it\/de\/angebote\/\" \/>\n<meta property=\"og:site_name\" content=\"Hotel Borgo Antico Como\" \/>\n<meta property=\"article:modified_time\" content=\"2025-07-24T07:57:47+00:00\" \/>\n<meta property=\"og:image\" content=\"https:\/\/www.borgoanticohotelcomo.it\/wp-content\/uploads\/2021\/05\/DSC_1850-scaled.jpg\" \/>\n\t<meta property=\"og:image:width\" content=\"2560\" \/>\n\t<meta property=\"og:image:height\" content=\"1709\" \/>\n\t<meta property=\"og:image:type\" content=\"image\/jpeg\" \/>\n<meta name=\"twitter:card\" content=\"summary_large_image\" \/>\n<meta name=\"twitter:label1\" content=\"Gesch\u00e4tzte Lesezeit\" \/>\n\t<meta name=\"twitter:data1\" content=\"2\u00a0Minuten\" \/>\n<script type=\"application\/ld+json\" class=\"yoast-schema-graph\">{\"@context\":\"https:\/\/schema.org\",\"@graph\":[{\"@type\":\"WebPage\",\"@id\":\"https:\/\/www.borgoanticohotelcomo.it\/de\/angebote\/\",\"url\":\"https:\/\/www.borgoanticohotelcomo.it\/de\/angebote\/\",\"name\":\"Angebote - Hotel Borgo Antico Como\",\"isPartOf\":{\"@id\":\"https:\/\/www.borgoanticohotelcomo.it\/de\/#website\"},\"primaryImageOfPage\":{\"@id\":\"https:\/\/www.borgoanticohotelcomo.it\/de\/angebote\/#primaryimage\"},\"image\":{\"@id\":\"https:\/\/www.borgoanticohotelcomo.it\/de\/angebote\/#primaryimage\"},\"thumbnailUrl\":\"https:\/\/www.borgoanticohotelcomo.it\/wp-content\/uploads\/2021\/05\/DSC_1850-scaled.jpg\",\"datePublished\":\"2021-06-09T15:16:50+00:00\",\"dateModified\":\"2025-07-24T07:57:47+00:00\",\"description\":\"Sonderangebote des Hotel Borgo Antico Como.\",\"breadcrumb\":{\"@id\":\"https:\/\/www.borgoanticohotelcomo.it\/de\/angebote\/#breadcrumb\"},\"inLanguage\":\"de\",\"potentialAction\":[{\"@type\":\"ReadAction\",\"target\":[\"https:\/\/www.borgoanticohotelcomo.it\/de\/angebote\/\"]}]},{\"@type\":\"ImageObject\",\"inLanguage\":\"de\",\"@id\":\"https:\/\/www.borgoanticohotelcomo.it\/de\/angebote\/#primaryimage\",\"url\":\"https:\/\/www.borgoanticohotelcomo.it\/wp-content\/uploads\/2021\/05\/DSC_1850-scaled.jpg\",\"contentUrl\":\"https:\/\/www.borgoanticohotelcomo.it\/wp-content\/uploads\/2021\/05\/DSC_1850-scaled.jpg\",\"width\":2560,\"height\":1709},{\"@type\":\"BreadcrumbList\",\"@id\":\"https:\/\/www.borgoanticohotelcomo.it\/de\/angebote\/#breadcrumb\",\"itemListElement\":[{\"@type\":\"ListItem\",\"position\":1,\"name\":\"Home\",\"item\":\"https:\/\/www.borgoanticohotelcomo.it\/de\/\"},{\"@type\":\"ListItem\",\"position\":2,\"name\":\"Angebote\"}]},{\"@type\":\"WebSite\",\"@id\":\"https:\/\/www.borgoanticohotelcomo.it\/de\/#website\",\"url\":\"https:\/\/www.borgoanticohotelcomo.it\/de\/\",\"name\":\"Hotel Borgo Antico Como\",\"description\":\"Hotel Como\",\"publisher\":{\"@id\":\"https:\/\/www.borgoanticohotelcomo.it\/de\/#organization\"},\"potentialAction\":[{\"@type\":\"SearchAction\",\"target\":{\"@type\":\"EntryPoint\",\"urlTemplate\":\"https:\/\/www.borgoanticohotelcomo.it\/de\/?s={search_term_string}\"},\"query-input\":{\"@type\":\"PropertyValueSpecification\",\"valueRequired\":true,\"valueName\":\"search_term_string\"}}],\"inLanguage\":\"de\"},{\"@type\":\"Organization\",\"@id\":\"https:\/\/www.borgoanticohotelcomo.it\/de\/#organization\",\"name\":\"Hotel Borgo Antico Como\",\"url\":\"https:\/\/www.borgoanticohotelcomo.it\/de\/\",\"logo\":{\"@type\":\"ImageObject\",\"inLanguage\":\"de\",\"@id\":\"https:\/\/www.borgoanticohotelcomo.it\/de\/#\/schema\/logo\/image\/\",\"url\":\"https:\/\/www.borgoanticohotelcomo.it\/wp-content\/uploads\/2021\/05\/cropped-logo_512x512.png\",\"contentUrl\":\"https:\/\/www.borgoanticohotelcomo.it\/wp-content\/uploads\/2021\/05\/cropped-logo_512x512.png\",\"width\":512,\"height\":512,\"caption\":\"Hotel Borgo Antico Como\"},\"image\":{\"@id\":\"https:\/\/www.borgoanticohotelcomo.it\/de\/#\/schema\/logo\/image\/\"}}]}<\/script>\n<!-- \/ Yoast SEO plugin. -->","yoast_head_json":{"title":"Angebote - Hotel Borgo Antico Como","description":"Sonderangebote des Hotel Borgo Antico Como.","robots":{"index":"index","follow":"follow","max-snippet":"max-snippet:-1","max-image-preview":"max-image-preview:large","max-video-preview":"max-video-preview:-1"},"canonical":"https:\/\/www.borgoanticohotelcomo.it\/de\/angebote\/","og_locale":"de_DE","og_type":"article","og_title":"Angebote - Hotel Borgo Antico Como","og_description":"Sonderangebote des Hotel Borgo Antico Como.","og_url":"https:\/\/www.borgoanticohotelcomo.it\/de\/angebote\/","og_site_name":"Hotel Borgo Antico Como","article_modified_time":"2025-07-24T07:57:47+00:00","og_image":[{"width":2560,"height":1709,"url":"https:\/\/www.borgoanticohotelcomo.it\/wp-content\/uploads\/2021\/05\/DSC_1850-scaled.jpg","type":"image\/jpeg"}],"twitter_card":"summary_large_image","twitter_misc":{"Gesch\u00e4tzte Lesezeit":"2\u00a0Minuten"},"schema":{"@context":"https:\/\/schema.org","@graph":[{"@type":"WebPage","@id":"https:\/\/www.borgoanticohotelcomo.it\/de\/angebote\/","url":"https:\/\/www.borgoanticohotelcomo.it\/de\/angebote\/","name":"Angebote - Hotel Borgo Antico Como","isPartOf":{"@id":"https:\/\/www.borgoanticohotelcomo.it\/de\/#website"},"primaryImageOfPage":{"@id":"https:\/\/www.borgoanticohotelcomo.it\/de\/angebote\/#primaryimage"},"image":{"@id":"https:\/\/www.borgoanticohotelcomo.it\/de\/angebote\/#primaryimage"},"thumbnailUrl":"https:\/\/www.borgoanticohotelcomo.it\/wp-content\/uploads\/2021\/05\/DSC_1850-scaled.jpg","datePublished":"2021-06-09T15:16:50+00:00","dateModified":"2025-07-24T07:57:47+00:00","description":"Sonderangebote des Hotel Borgo Antico Como.","breadcrumb":{"@id":"https:\/\/www.borgoanticohotelcomo.it\/de\/angebote\/#breadcrumb"},"inLanguage":"de","potentialAction":[{"@type":"ReadAction","target":["https:\/\/www.borgoanticohotelcomo.it\/de\/angebote\/"]}]},{"@type":"ImageObject","inLanguage":"de","@id":"https:\/\/www.borgoanticohotelcomo.it\/de\/angebote\/#primaryimage","url":"https:\/\/www.borgoanticohotelcomo.it\/wp-content\/uploads\/2021\/05\/DSC_1850-scaled.jpg","contentUrl":"https:\/\/www.borgoanticohotelcomo.it\/wp-content\/uploads\/2021\/05\/DSC_1850-scaled.jpg","width":2560,"height":1709},{"@type":"BreadcrumbList","@id":"https:\/\/www.borgoanticohotelcomo.it\/de\/angebote\/#breadcrumb","itemListElement":[{"@type":"ListItem","position":1,"name":"Home","item":"https:\/\/www.borgoanticohotelcomo.it\/de\/"},{"@type":"ListItem","position":2,"name":"Angebote"}]},{"@type":"WebSite","@id":"https:\/\/www.borgoanticohotelcomo.it\/de\/#website","url":"https:\/\/www.borgoanticohotelcomo.it\/de\/","name":"Hotel Borgo Antico Como","description":"Hotel Como","publisher":{"@id":"https:\/\/www.borgoanticohotelcomo.it\/de\/#organization"},"potentialAction":[{"@type":"SearchAction","target":{"@type":"EntryPoint","urlTemplate":"https:\/\/www.borgoanticohotelcomo.it\/de\/?s={search_term_string}"},"query-input":{"@type":"PropertyValueSpecification","valueRequired":true,"valueName":"search_term_string"}}],"inLanguage":"de"},{"@type":"Organization","@id":"https:\/\/www.borgoanticohotelcomo.it\/de\/#organization","name":"Hotel Borgo Antico Como","url":"https:\/\/www.borgoanticohotelcomo.it\/de\/","logo":{"@type":"ImageObject","inLanguage":"de","@id":"https:\/\/www.borgoanticohotelcomo.it\/de\/#\/schema\/logo\/image\/","url":"https:\/\/www.borgoanticohotelcomo.it\/wp-content\/uploads\/2021\/05\/cropped-logo_512x512.png","contentUrl":"https:\/\/www.borgoanticohotelcomo.it\/wp-content\/uploads\/2021\/05\/cropped-logo_512x512.png","width":512,"height":512,"caption":"Hotel Borgo Antico Como"},"image":{"@id":"https:\/\/www.borgoanticohotelcomo.it\/de\/#\/schema\/logo\/image\/"}}]}},"_links":{"self":[{"href":"https:\/\/www.borgoanticohotelcomo.it\/de\/wp-json\/wp\/v2\/pages\/1287","targetHints":{"allow":["GET"]}}],"collection":[{"href":"https:\/\/www.borgoanticohotelcomo.it\/de\/wp-json\/wp\/v2\/pages"}],"about":[{"href":"https:\/\/www.borgoanticohotelcomo.it\/de\/wp-json\/wp\/v2\/types\/page"}],"author":[{"embeddable":true,"href":"https:\/\/www.borgoanticohotelcomo.it\/de\/wp-json\/wp\/v2\/users\/1"}],"replies":[{"embeddable":true,"href":"https:\/\/www.borgoanticohotelcomo.it\/de\/wp-json\/wp\/v2\/comments?post=1287"}],"version-history":[{"count":2,"href":"https:\/\/www.borgoanticohotelcomo.it\/de\/wp-json\/wp\/v2\/pages\/1287\/revisions"}],"predecessor-version":[{"id":2816,"href":"https:\/\/www.borgoanticohotelcomo.it\/de\/wp-json\/wp\/v2\/pages\/1287\/revisions\/2816"}],"wp:featuredmedia":[{"embeddable":true,"href":"https:\/\/www.borgoanticohotelcomo.it\/de\/wp-json\/wp\/v2\/media\/1065"}],"wp:attachment":[{"href":"https:\/\/www.borgoanticohotelcomo.it\/de\/wp-json\/wp\/v2\/media?parent=1287"}],"curies":[{"name":"wp","href":"https:\/\/api.w.org\/{rel}","templated":true}]}}