{"id":1281,"date":"2021-06-09T17:14:31","date_gmt":"2021-06-09T15:14:31","guid":{"rendered":"https:\/\/www.borgoanticohotelcomo.it\/partners\/"},"modified":"2026-04-28T11:59:18","modified_gmt":"2026-04-28T09:59:18","slug":"partners","status":"publish","type":"page","link":"https:\/\/www.borgoanticohotelcomo.it\/de\/partners\/","title":{"rendered":"Partners"},"content":{"rendered":"<p>[et_pb_section fb_built=&#8220;1&#8243; admin_label=&#8220;Sezione Banner-Title&#8220; module_id=&#8220;banner-title&#8220; _builder_version=&#8220;4.16&#8243; _module_preset=&#8220;default&#8220; background_image=&#8220;https:\/\/www.borgoanticohotelcomo.it\/wp-content\/uploads\/2021\/05\/DSC_1897-scaled.jpg&#8220; parallax=&#8220;on&#8220; custom_padding=&#8220;||||false|false&#8220; global_colors_info=&#8220;{}&#8220;][et_pb_row _builder_version=&#8220;4.16&#8243; _module_preset=&#8220;default&#8220; custom_margin=&#8220;||||false|false&#8220; custom_padding=&#8220;200px||||false|false&#8220; global_colors_info=&#8220;{}&#8220;][et_pb_column type=&#8220;4_4&#8243; _builder_version=&#8220;4.16&#8243; _module_preset=&#8220;default&#8220; global_colors_info=&#8220;{}&#8220;][et_pb_post_title meta=&#8220;off&#8220; featured_image=&#8220;off&#8220; _builder_version=&#8220;4.16&#8243; _module_preset=&#8220;default&#8220; title_text_align=&#8220;center&#8220; title_text_color=&#8220;#FFFFFF&#8220; title_text_shadow_style=&#8220;preset1&#8243; global_colors_info=&#8220;{}&#8220;][\/et_pb_post_title][\/et_pb_column][\/et_pb_row][\/et_pb_section][et_pb_section fb_built=&#8220;1&#8243; admin_label=&#8220;Sezione TESTO&#8220; _builder_version=&#8220;4.16&#8243; _module_preset=&#8220;default&#8220; global_colors_info=&#8220;{}&#8220;][et_pb_row _builder_version=&#8220;4.16&#8243; _module_preset=&#8220;default&#8220; global_colors_info=&#8220;{}&#8220;][et_pb_column type=&#8220;4_4&#8243; _builder_version=&#8220;4.16&#8243; _module_preset=&#8220;default&#8220; global_colors_info=&#8220;{}&#8220;][et_pb_text _builder_version=&#8220;4.27.5&#8243; _module_preset=&#8220;default&#8220; hover_enabled=&#8220;0&#8243; global_colors_info=&#8220;{}&#8220; sticky_enabled=&#8220;0&#8243;]<\/p>\n<h2>Tr\u00e4ume, in Como, nicht in der Morgend\u00e4mmerung endet<\/h2>\n<p>&nbsp;<\/p>\n<p>Das ganze Jahr \u00fcber eine Stadt zum Leben , Monat f\u00fcr Monat , genie\u00dfen Ger\u00fcche , Orte und Charakter. Ob Sie sich entscheiden, von den romantischen historischen Villen verzaubern oder zu Fu\u00df die H\u00fcgel von Brunate, oder g\u00f6nnen Sie sich ein k\u00f6stliches Abendessen auf dem Boot oder einem spannenden Flug sull&#8217;idrovolante , sicher sein, dass Ihre Erfahrung im Como wird einzigartig , unvergesslich und intensiv sein. Unser Ziel ist es , Sie in unserem Hotel begr\u00fc\u00dfen zu d\u00fcrfen und bieten eine Reihe von Tipps, wie Sie besser genie\u00dfen Sie Ihren #ComoExperience . Nicht nur beraten!<\/p>\n<p>F\u00fcr unsere Kunden gibt es einige \u00dcberraschungen an einigen Stellen Vereinbarung.<\/p>\n<p>&nbsp;<\/p>\n<h3>Figli dei Fiori Bistrot<\/h3>\n<p>Direkt nebenan bietet das Bistrot G\u00e4sten des Borgo Antico die M\u00f6glichkeit, zu einem Sonderpreis zu Mittag oder zu Abend zu essen. Reservierungen sind an unserer Rezeption erforderlich.<\/p>\n<p>&nbsp;<\/p>\n<h3>Stadtrundfahrt mit F\u00fchrung<\/h3>\n<p>Wollen Sie die Stadt zu erkunden auf Anraten eines au\u00dfergew\u00f6hnlichen Reiseleiter ? M\u00f6glichkeit, thematische F\u00fchrungen von Como.<\/p>\n<p>&nbsp;<\/p>\n<h3>Aero Club<\/h3>\n<p>Comer See , wie Sie noch nie gesehen! Fliege auf Wasserflugzeuge Aeroclub , begleitet von den besten Fahrern und , am Ende des Rennens , werden Sie ein Gadget gegeben werden.<\/p>\n<p>&nbsp;<\/p>\n<h3>Zubringerdienst<\/h3>\n<p>F\u00fcr unsere G\u00e4ste sind aktiv Promotionen exklusiven Service Transfer nach Mailand ( Zentrum, dem Messezentrum und dem Flughafen ) , Fox Town in Mendrisio , Kasino von Campione d&#8216; Italien und anderen Orten auf Anfrage.<\/p>\n<p>&nbsp;<\/p>\n<h3>Am Comer See mit Dreaming Como Lake<\/h3>\n<p>An unserer Rezeption erhalten Sie Informationen und k\u00f6nnen in Zusammenarbeit mit Dreaming Como Lake individuelle Touren auf dem Comer See buchen.<\/p>\n<p>[\/et_pb_text][\/et_pb_column][\/et_pb_row][\/et_pb_section]<\/p>\n","protected":false},"excerpt":{"rendered":"<p>Tr\u00e4ume, in Como, nicht in der Morgend\u00e4mmerung endet &nbsp; Das ganze Jahr \u00fcber eine Stadt zum Leben , Monat f\u00fcr Monat , genie\u00dfen Ger\u00fcche , Orte und Charakter. Ob Sie sich entscheiden, von den romantischen historischen Villen verzaubern oder zu Fu\u00df die H\u00fcgel von Brunate, oder g\u00f6nnen Sie sich ein k\u00f6stliches Abendessen auf dem Boot [&hellip;]<\/p>\n","protected":false},"author":1,"featured_media":1074,"parent":0,"menu_order":0,"comment_status":"closed","ping_status":"closed","template":"","meta":{"_et_pb_use_builder":"on","_et_pb_old_content":"","_et_gb_content_width":"","footnotes":""},"class_list":["post-1281","page","type-page","status-publish","has-post-thumbnail","hentry"],"yoast_head":"<!-- This site is optimized with the Yoast SEO plugin v26.5 - https:\/\/yoast.com\/wordpress\/plugins\/seo\/ -->\n<title>Partners - Hotel Borgo Antico Como<\/title>\n<meta name=\"description\" content=\"Unser Ziel ist es , Sie in unserem Hotel begr\u00fc\u00dfen zu d\u00fcrfen und bieten eine Reihe von Tipps, wie Sie besser genie\u00dfen Sie Ihren #ComoExperience.\" \/>\n<meta name=\"robots\" content=\"index, follow, max-snippet:-1, max-image-preview:large, max-video-preview:-1\" \/>\n<link rel=\"canonical\" href=\"https:\/\/www.borgoanticohotelcomo.it\/de\/partners\/\" \/>\n<meta property=\"og:locale\" content=\"de_DE\" \/>\n<meta property=\"og:type\" content=\"article\" \/>\n<meta property=\"og:title\" content=\"Partners - Hotel Borgo Antico Como\" \/>\n<meta property=\"og:description\" content=\"Unser Ziel ist es , Sie in unserem Hotel begr\u00fc\u00dfen zu d\u00fcrfen und bieten eine Reihe von Tipps, wie Sie besser genie\u00dfen Sie Ihren #ComoExperience.\" \/>\n<meta property=\"og:url\" content=\"https:\/\/www.borgoanticohotelcomo.it\/de\/partners\/\" \/>\n<meta property=\"og:site_name\" content=\"Hotel Borgo Antico Como\" \/>\n<meta property=\"article:modified_time\" content=\"2026-04-28T09:59:18+00:00\" \/>\n<meta property=\"og:image\" content=\"https:\/\/www.borgoanticohotelcomo.it\/wp-content\/uploads\/2021\/05\/DSC_1897-scaled.jpg\" \/>\n\t<meta property=\"og:image:width\" content=\"2560\" \/>\n\t<meta property=\"og:image:height\" content=\"1709\" \/>\n\t<meta property=\"og:image:type\" content=\"image\/jpeg\" \/>\n<meta name=\"twitter:card\" content=\"summary_large_image\" \/>\n<meta name=\"twitter:label1\" content=\"Gesch\u00e4tzte Lesezeit\" \/>\n\t<meta name=\"twitter:data1\" content=\"2\u00a0Minuten\" \/>\n<script type=\"application\/ld+json\" class=\"yoast-schema-graph\">{\"@context\":\"https:\/\/schema.org\",\"@graph\":[{\"@type\":\"WebPage\",\"@id\":\"https:\/\/www.borgoanticohotelcomo.it\/de\/partners\/\",\"url\":\"https:\/\/www.borgoanticohotelcomo.it\/de\/partners\/\",\"name\":\"Partners - Hotel Borgo Antico Como\",\"isPartOf\":{\"@id\":\"https:\/\/www.borgoanticohotelcomo.it\/de\/#website\"},\"primaryImageOfPage\":{\"@id\":\"https:\/\/www.borgoanticohotelcomo.it\/de\/partners\/#primaryimage\"},\"image\":{\"@id\":\"https:\/\/www.borgoanticohotelcomo.it\/de\/partners\/#primaryimage\"},\"thumbnailUrl\":\"https:\/\/www.borgoanticohotelcomo.it\/wp-content\/uploads\/2021\/05\/DSC_1897-scaled.jpg\",\"datePublished\":\"2021-06-09T15:14:31+00:00\",\"dateModified\":\"2026-04-28T09:59:18+00:00\",\"description\":\"Unser Ziel ist es , Sie in unserem Hotel begr\u00fc\u00dfen zu d\u00fcrfen und bieten eine Reihe von Tipps, wie Sie besser genie\u00dfen Sie Ihren #ComoExperience.\",\"breadcrumb\":{\"@id\":\"https:\/\/www.borgoanticohotelcomo.it\/de\/partners\/#breadcrumb\"},\"inLanguage\":\"de\",\"potentialAction\":[{\"@type\":\"ReadAction\",\"target\":[\"https:\/\/www.borgoanticohotelcomo.it\/de\/partners\/\"]}]},{\"@type\":\"ImageObject\",\"inLanguage\":\"de\",\"@id\":\"https:\/\/www.borgoanticohotelcomo.it\/de\/partners\/#primaryimage\",\"url\":\"https:\/\/www.borgoanticohotelcomo.it\/wp-content\/uploads\/2021\/05\/DSC_1897-scaled.jpg\",\"contentUrl\":\"https:\/\/www.borgoanticohotelcomo.it\/wp-content\/uploads\/2021\/05\/DSC_1897-scaled.jpg\",\"width\":2560,\"height\":1709},{\"@type\":\"BreadcrumbList\",\"@id\":\"https:\/\/www.borgoanticohotelcomo.it\/de\/partners\/#breadcrumb\",\"itemListElement\":[{\"@type\":\"ListItem\",\"position\":1,\"name\":\"Home\",\"item\":\"https:\/\/www.borgoanticohotelcomo.it\/de\/\"},{\"@type\":\"ListItem\",\"position\":2,\"name\":\"Partners\"}]},{\"@type\":\"WebSite\",\"@id\":\"https:\/\/www.borgoanticohotelcomo.it\/de\/#website\",\"url\":\"https:\/\/www.borgoanticohotelcomo.it\/de\/\",\"name\":\"Hotel Borgo Antico Como\",\"description\":\"Hotel Como\",\"publisher\":{\"@id\":\"https:\/\/www.borgoanticohotelcomo.it\/de\/#organization\"},\"potentialAction\":[{\"@type\":\"SearchAction\",\"target\":{\"@type\":\"EntryPoint\",\"urlTemplate\":\"https:\/\/www.borgoanticohotelcomo.it\/de\/?s={search_term_string}\"},\"query-input\":{\"@type\":\"PropertyValueSpecification\",\"valueRequired\":true,\"valueName\":\"search_term_string\"}}],\"inLanguage\":\"de\"},{\"@type\":\"Organization\",\"@id\":\"https:\/\/www.borgoanticohotelcomo.it\/de\/#organization\",\"name\":\"Hotel Borgo Antico Como\",\"url\":\"https:\/\/www.borgoanticohotelcomo.it\/de\/\",\"logo\":{\"@type\":\"ImageObject\",\"inLanguage\":\"de\",\"@id\":\"https:\/\/www.borgoanticohotelcomo.it\/de\/#\/schema\/logo\/image\/\",\"url\":\"https:\/\/www.borgoanticohotelcomo.it\/wp-content\/uploads\/2021\/05\/cropped-logo_512x512.png\",\"contentUrl\":\"https:\/\/www.borgoanticohotelcomo.it\/wp-content\/uploads\/2021\/05\/cropped-logo_512x512.png\",\"width\":512,\"height\":512,\"caption\":\"Hotel Borgo Antico Como\"},\"image\":{\"@id\":\"https:\/\/www.borgoanticohotelcomo.it\/de\/#\/schema\/logo\/image\/\"}}]}<\/script>\n<!-- \/ Yoast SEO plugin. -->","yoast_head_json":{"title":"Partners - Hotel Borgo Antico Como","description":"Unser Ziel ist es , Sie in unserem Hotel begr\u00fc\u00dfen zu d\u00fcrfen und bieten eine Reihe von Tipps, wie Sie besser genie\u00dfen Sie Ihren #ComoExperience.","robots":{"index":"index","follow":"follow","max-snippet":"max-snippet:-1","max-image-preview":"max-image-preview:large","max-video-preview":"max-video-preview:-1"},"canonical":"https:\/\/www.borgoanticohotelcomo.it\/de\/partners\/","og_locale":"de_DE","og_type":"article","og_title":"Partners - Hotel Borgo Antico Como","og_description":"Unser Ziel ist es , Sie in unserem Hotel begr\u00fc\u00dfen zu d\u00fcrfen und bieten eine Reihe von Tipps, wie Sie besser genie\u00dfen Sie Ihren #ComoExperience.","og_url":"https:\/\/www.borgoanticohotelcomo.it\/de\/partners\/","og_site_name":"Hotel Borgo Antico Como","article_modified_time":"2026-04-28T09:59:18+00:00","og_image":[{"width":2560,"height":1709,"url":"https:\/\/www.borgoanticohotelcomo.it\/wp-content\/uploads\/2021\/05\/DSC_1897-scaled.jpg","type":"image\/jpeg"}],"twitter_card":"summary_large_image","twitter_misc":{"Gesch\u00e4tzte Lesezeit":"2\u00a0Minuten"},"schema":{"@context":"https:\/\/schema.org","@graph":[{"@type":"WebPage","@id":"https:\/\/www.borgoanticohotelcomo.it\/de\/partners\/","url":"https:\/\/www.borgoanticohotelcomo.it\/de\/partners\/","name":"Partners - Hotel Borgo Antico Como","isPartOf":{"@id":"https:\/\/www.borgoanticohotelcomo.it\/de\/#website"},"primaryImageOfPage":{"@id":"https:\/\/www.borgoanticohotelcomo.it\/de\/partners\/#primaryimage"},"image":{"@id":"https:\/\/www.borgoanticohotelcomo.it\/de\/partners\/#primaryimage"},"thumbnailUrl":"https:\/\/www.borgoanticohotelcomo.it\/wp-content\/uploads\/2021\/05\/DSC_1897-scaled.jpg","datePublished":"2021-06-09T15:14:31+00:00","dateModified":"2026-04-28T09:59:18+00:00","description":"Unser Ziel ist es , Sie in unserem Hotel begr\u00fc\u00dfen zu d\u00fcrfen und bieten eine Reihe von Tipps, wie Sie besser genie\u00dfen Sie Ihren #ComoExperience.","breadcrumb":{"@id":"https:\/\/www.borgoanticohotelcomo.it\/de\/partners\/#breadcrumb"},"inLanguage":"de","potentialAction":[{"@type":"ReadAction","target":["https:\/\/www.borgoanticohotelcomo.it\/de\/partners\/"]}]},{"@type":"ImageObject","inLanguage":"de","@id":"https:\/\/www.borgoanticohotelcomo.it\/de\/partners\/#primaryimage","url":"https:\/\/www.borgoanticohotelcomo.it\/wp-content\/uploads\/2021\/05\/DSC_1897-scaled.jpg","contentUrl":"https:\/\/www.borgoanticohotelcomo.it\/wp-content\/uploads\/2021\/05\/DSC_1897-scaled.jpg","width":2560,"height":1709},{"@type":"BreadcrumbList","@id":"https:\/\/www.borgoanticohotelcomo.it\/de\/partners\/#breadcrumb","itemListElement":[{"@type":"ListItem","position":1,"name":"Home","item":"https:\/\/www.borgoanticohotelcomo.it\/de\/"},{"@type":"ListItem","position":2,"name":"Partners"}]},{"@type":"WebSite","@id":"https:\/\/www.borgoanticohotelcomo.it\/de\/#website","url":"https:\/\/www.borgoanticohotelcomo.it\/de\/","name":"Hotel Borgo Antico Como","description":"Hotel Como","publisher":{"@id":"https:\/\/www.borgoanticohotelcomo.it\/de\/#organization"},"potentialAction":[{"@type":"SearchAction","target":{"@type":"EntryPoint","urlTemplate":"https:\/\/www.borgoanticohotelcomo.it\/de\/?s={search_term_string}"},"query-input":{"@type":"PropertyValueSpecification","valueRequired":true,"valueName":"search_term_string"}}],"inLanguage":"de"},{"@type":"Organization","@id":"https:\/\/www.borgoanticohotelcomo.it\/de\/#organization","name":"Hotel Borgo Antico Como","url":"https:\/\/www.borgoanticohotelcomo.it\/de\/","logo":{"@type":"ImageObject","inLanguage":"de","@id":"https:\/\/www.borgoanticohotelcomo.it\/de\/#\/schema\/logo\/image\/","url":"https:\/\/www.borgoanticohotelcomo.it\/wp-content\/uploads\/2021\/05\/cropped-logo_512x512.png","contentUrl":"https:\/\/www.borgoanticohotelcomo.it\/wp-content\/uploads\/2021\/05\/cropped-logo_512x512.png","width":512,"height":512,"caption":"Hotel Borgo Antico Como"},"image":{"@id":"https:\/\/www.borgoanticohotelcomo.it\/de\/#\/schema\/logo\/image\/"}}]}},"_links":{"self":[{"href":"https:\/\/www.borgoanticohotelcomo.it\/de\/wp-json\/wp\/v2\/pages\/1281","targetHints":{"allow":["GET"]}}],"collection":[{"href":"https:\/\/www.borgoanticohotelcomo.it\/de\/wp-json\/wp\/v2\/pages"}],"about":[{"href":"https:\/\/www.borgoanticohotelcomo.it\/de\/wp-json\/wp\/v2\/types\/page"}],"author":[{"embeddable":true,"href":"https:\/\/www.borgoanticohotelcomo.it\/de\/wp-json\/wp\/v2\/users\/1"}],"replies":[{"embeddable":true,"href":"https:\/\/www.borgoanticohotelcomo.it\/de\/wp-json\/wp\/v2\/comments?post=1281"}],"version-history":[{"count":2,"href":"https:\/\/www.borgoanticohotelcomo.it\/de\/wp-json\/wp\/v2\/pages\/1281\/revisions"}],"predecessor-version":[{"id":2849,"href":"https:\/\/www.borgoanticohotelcomo.it\/de\/wp-json\/wp\/v2\/pages\/1281\/revisions\/2849"}],"wp:featuredmedia":[{"embeddable":true,"href":"https:\/\/www.borgoanticohotelcomo.it\/de\/wp-json\/wp\/v2\/media\/1074"}],"wp:attachment":[{"href":"https:\/\/www.borgoanticohotelcomo.it\/de\/wp-json\/wp\/v2\/media?parent=1281"}],"curies":[{"name":"wp","href":"https:\/\/api.w.org\/{rel}","templated":true}]}}